{"id":54,"date":"2022-02-17T15:51:36","date_gmt":"2022-02-17T15:51:36","guid":{"rendered":"https:\/\/xn--tierhilfe-allgu-elb.de\/?page_id=54"},"modified":"2022-11-22T18:16:44","modified_gmt":"2022-11-22T18:16:44","slug":"impressum","status":"publish","type":"page","link":"https:\/\/server.xn--allgu-jra.it\/index.php\/impressum\/","title":{"rendered":"Impressum"},"content":{"rendered":"\n<figure class=\"wp-block-image is-resized is-style-default\"><img decoding=\"async\" src=\"\/wp-content\/uploads\/2022\/02\/cropped-cropped-logo_green_new-1.png\" alt=\"Allg\u00e4u Service\" width=\"115\" height=\"57\"\/><\/figure>\n\n\n\n<p>Am Weiher&nbsp; 17<br>87471&nbsp; Durach ( Allg\u00e4u )<\/p>\n\n\n\n<p><strong>Vertreten durch<\/strong><br>Michael Sobania<\/p>\n\n\n\n<p><strong>Kontakt<\/strong><br>Tel.\u00a0(O831) 527 54 550<br>Fax\u00a0(O831) 527 54 555<\/p>\n\n\n\n<p>mail@allgaeu-service.com<br><a href=\"http:\/\/allg\u00e4u-service.com\" target=\"_blank\" rel=\"noreferrer noopener\">www.allg\u00e4u-service.com<\/a><\/p>\n\n\n\n<p>Angaben gem\u00e4\u00df \u00a7 5 TMG<\/p>\n\n\n\n<p><strong>Umsatzsteuer-ID<\/strong><a href=\"umsatzsteuer-id:Umsatzsteuer-Identifikationsnummer gem%C3%A4%C3%9F %C2%A727a Umsatzsteuergesetz: Musterustid.\"><br><\/a>Umsatzsteuer-Identifikationsnummer gem\u00e4\u00df \u00a727a Umsatzsteuergesetz: DE347356014<\/p>\n\n\n\n<p><strong>Inhalte und Haftungsausschluss<\/strong><br>Die vorstehenden Informationen und Texte stellen keine Rechtsberatung dar. Insbesondere bilden sie nicht den konkreten Einzelfall ab. F\u00fcr Richtigkeit und Aktualit\u00e4t kann daher keine Haftung \u00fcbernommen werden. Falls Sie eine haftungssichere Auskunft w\u00fcnschen, wenden Sie sich an uns. Trotz sorgf\u00e4ltiger inhaltlicher Kontrolle \u00fcbernehmen wir keine Haftung f\u00fcr die Inhalte externer Links. F\u00fcr den Inhalt der verlinkten Seiten sind ausschlie\u00dflich deren Betreiber verantwortlich.<\/p>\n\n\n\n<p><strong>Weitergabe<\/strong><br>S\u00e4mtliche Informationen d\u00fcrfen \u2013 auch auszugsweise \u2013 nur mit schriftlicher Genehmigung von uns weiterverbreitet oder anderweitig ver\u00f6ffentlicht werden.<\/p>\n\n\n\n<p><strong>Urheberrecht<\/strong><br>Texte und Grafiken sind durch das Urheberrecht gesch\u00fctzt. Das Verwenden der Texte und Grafiken von uns auf eigenen Web-Seiten oder in anderen Medien ohne ausdr\u00fcckliche Genehmigung verletzt das Urheberrecht und wird bei Entdecken abgemahnt und falls notwendig auch gerichtlich verfolgt.<\/p>\n\n\n\n<p><\/p>\n","protected":false},"excerpt":{"rendered":"<p>Am Weiher&nbsp; 1787471&nbsp; Durach ( Allg\u00e4u ) Vertreten durchMichael Sobania KontaktTel.\u00a0(O831) 527 54 550Fax\u00a0(O831) 527 54 555 mail@allgaeu-service.comwww.allg\u00e4u-service.com Angaben gem\u00e4\u00df \u00a7 5 TMG Umsatzsteuer-IDUmsatzsteuer-Identifikationsnummer gem\u00e4\u00df \u00a727a Umsatzsteuergesetz: DE347356014 Inhalte und HaftungsausschlussDie vorstehenden Informationen und Texte stellen keine Rechtsberatung dar. Insbesondere bilden sie nicht den konkreten Einzelfall ab. F\u00fcr Richtigkeit und Aktualit\u00e4t kann daher keine Haftung &hellip; <\/p>\n<p class=\"link-more\"><a href=\"https:\/\/server.xn--allgu-jra.it\/index.php\/impressum\/\" class=\"more-link\"><span class=\"screen-reader-text\">\u201eImpressum\u201c<\/span> weiterlesen<\/a><\/p>\n","protected":false},"author":1,"featured_media":450,"parent":0,"menu_order":0,"comment_status":"closed","ping_status":"closed","template":"","meta":{"footnotes":""},"class_list":["post-54","page","type-page","status-publish","has-post-thumbnail","hentry"],"_links":{"self":[{"href":"https:\/\/server.xn--allgu-jra.it\/index.php\/wp-json\/wp\/v2\/pages\/54","targetHints":{"allow":["GET"]}}],"collection":[{"href":"https:\/\/server.xn--allgu-jra.it\/index.php\/wp-json\/wp\/v2\/pages"}],"about":[{"href":"https:\/\/server.xn--allgu-jra.it\/index.php\/wp-json\/wp\/v2\/types\/page"}],"author":[{"embeddable":true,"href":"https:\/\/server.xn--allgu-jra.it\/index.php\/wp-json\/wp\/v2\/users\/1"}],"replies":[{"embeddable":true,"href":"https:\/\/server.xn--allgu-jra.it\/index.php\/wp-json\/wp\/v2\/comments?post=54"}],"version-history":[{"count":23,"href":"https:\/\/server.xn--allgu-jra.it\/index.php\/wp-json\/wp\/v2\/pages\/54\/revisions"}],"predecessor-version":[{"id":569,"href":"https:\/\/server.xn--allgu-jra.it\/index.php\/wp-json\/wp\/v2\/pages\/54\/revisions\/569"}],"wp:featuredmedia":[{"embeddable":true,"href":"https:\/\/server.xn--allgu-jra.it\/index.php\/wp-json\/wp\/v2\/media\/450"}],"wp:attachment":[{"href":"https:\/\/server.xn--allgu-jra.it\/index.php\/wp-json\/wp\/v2\/media?parent=54"}],"curies":[{"name":"wp","href":"https:\/\/api.w.org\/{rel}","templated":true}]}}